
{"id":25564,"date":"2024-04-24T15:29:06","date_gmt":"2024-04-24T15:29:06","guid":{"rendered":"https:\/\/bakkaflot.dev.kaliber.is\/um-okkur\/"},"modified":"2024-06-27T12:37:01","modified_gmt":"2024-06-27T12:37:01","slug":"about-us","status":"publish","type":"page","link":"https:\/\/bakkaflot.dev.kaliber.is\/en\/about-us\/","title":{"rendered":"ABOUT US"},"content":{"rendered":"<p>[et_pb_section fb_built=&#8221;1&#8243; admin_label=&#8221;Page Title Section&#8221; _builder_version=&#8221;4.25.0&#8243; use_background_color_gradient=&#8221;on&#8221; background_color_gradient_direction=&#8221;120deg&#8221; background_color_gradient_stops=&#8221;rgba(0,0,0,0.4) 0%|rgba(0,0,0,0.4) 100%&#8221; background_color_gradient_overlays_image=&#8221;on&#8221; background_color_gradient_start=&#8221;#000000&#8243; background_color_gradient_end=&#8221;rgba(0,0,0,0)&#8221; background_image=&#8221;https:\/\/bakkaflot.dev.kaliber.is\/wp-content\/uploads\/2024\/05\/IMG_6362-1.jpg&#8221; custom_padding=&#8221;110px||110px|&#8221; global_colors_info=&#8221;{}&#8221;][et_pb_row column_structure=&#8221;1_2,1_2&#8243; _builder_version=&#8221;4.16&#8243; background_size=&#8221;initial&#8221; background_position=&#8221;top_left&#8221; background_repeat=&#8221;repeat&#8221; global_colors_info=&#8221;{}&#8221;][et_pb_column type=&#8221;1_2&#8243; _builder_version=&#8221;4.16&#8243; custom_padding=&#8221;|||&#8221; global_colors_info=&#8221;{}&#8221; custom_padding__hover=&#8221;|||&#8221;][et_pb_text admin_label=&#8221;Page Subtitle&#8221; _builder_version=&#8221;4.25.0&#8243; text_font=&#8221;Poppins||||||||&#8221; text_line_height=&#8221;1.8em&#8221; header_font=&#8221;||||||||&#8221; header_font_size=&#8221;9.5vh&#8221; background_layout=&#8221;dark&#8221; global_colors_info=&#8221;{}&#8221;]<\/p>\n<h1>ABOUT US<\/h1>\n<p>[\/et_pb_text][\/et_pb_column][et_pb_column type=&#8221;1_2&#8243; _builder_version=&#8221;4.16&#8243; custom_padding=&#8221;|||&#8221; global_colors_info=&#8221;{}&#8221; custom_padding__hover=&#8221;|||&#8221;][\/et_pb_column][\/et_pb_row][\/et_pb_section][et_pb_section fb_built=&#8221;1&#8243; _builder_version=&#8221;4.25.0&#8243; _module_preset=&#8221;default&#8221; global_colors_info=&#8221;{}&#8221;][et_pb_row column_structure=&#8221;1_4,3_4&#8243; use_custom_gutter=&#8221;on&#8221; gutter_width=&#8221;2&#8243; make_equal=&#8221;on&#8221; _builder_version=&#8221;4.25.0&#8243; width=&#8221;90%&#8221; width_tablet=&#8221;90%&#8221; width_phone=&#8221;90%&#8221; width_last_edited=&#8221;on|desktop&#8221; max_width=&#8221;1200px&#8221; max_width_tablet=&#8221;370px&#8221; max_width_phone=&#8221;90%&#8221; max_width_last_edited=&#8221;on|tablet&#8221; custom_padding=&#8221;0px||40px||false|false&#8221; locked=&#8221;off&#8221; global_colors_info=&#8221;{}&#8221;][et_pb_column type=&#8221;1_4&#8243; _builder_version=&#8221;4.25.0&#8243; custom_padding=&#8221;|||&#8221; global_colors_info=&#8221;{}&#8221; custom_padding__hover=&#8221;|||&#8221;][et_pb_text _builder_version=&#8221;4.25.0&#8243; header_3_font=&#8221;|||on|||||&#8221; header_3_text_align=&#8221;left&#8221; header_3_text_color=&#8221;#000000&#8243; header_3_font_size=&#8221;45px&#8221; header_3_font_size_tablet=&#8221;45px&#8221; header_3_font_size_phone=&#8221;35px&#8221; header_3_font_size_last_edited=&#8221;on|phone&#8221; global_colors_info=&#8221;{}&#8221;]<\/p>\n<h3>Our story<\/h3>\n<div class=\"et_pb_header_content_wrapper\">\n<p>&nbsp;<\/p>\n<\/div>\n<p>[\/et_pb_text][\/et_pb_column][et_pb_column type=&#8221;3_4&#8243; _builder_version=&#8221;4.25.0&#8243; custom_padding=&#8221;|||&#8221; global_colors_info=&#8221;{}&#8221; custom_padding__hover=&#8221;|||&#8221;][et_pb_text _builder_version=&#8221;4.25.0&#8243; text_font=&#8221;Roboto Condensed||||||||&#8221; text_text_color=&#8221;#898989&#8243; text_font_size=&#8221;18px&#8221; text_line_height=&#8221;1.8em&#8221; header_font=&#8221;Nunito Sans|700|||||||&#8221; header_text_color=&#8221;#297FCA&#8221; header_line_height=&#8221;1.3em&#8221; custom_margin_tablet=&#8221;-20px||||false|false&#8221; custom_margin_phone=&#8221;-20px||||false|false&#8221; custom_margin_last_edited=&#8221;on|phone&#8221; custom_padding=&#8221;||||false|false&#8221; global_colors_info=&#8221;{}&#8221;]<\/p>\n<p>Klara J\u00f3nsd\u00f3ttir &amp; Sigur\u00f0ur Fri\u00f0riksson first opened the doors at Bakkafl\u00f6t in 1987. Since then, the company has grown to become a well-established activity and accommodation base in the heart of Skagafj\u00f6r\u00f0ur.<\/p>\n<p>We have a variety of accommodations to suit everyone. In 2011 we built 5 nice cabins with en suite facilities for those wanting their own privacy with a great view.<\/p>\n<p>1993 was the start of the river rafting operation. Today we have 5 professional raft guides from Nepal and a few Icelandic raft guides as well. In the last years, we have added more activities, paintball and sit-on-top kayak trips down Svart\u00e1.<\/p>\n<p>Bakkafl\u00f6t is a family-owned company and now has the siblings Finnur and Signy stepping into the company as well. We are proud to have the same staff come to us year after year, both from abroad and here from Iceland.<\/p>\n<p>[\/et_pb_text][\/et_pb_column][\/et_pb_row][\/et_pb_section][et_pb_section fb_built=&#8221;1&#8243; admin_label=&#8221;Team&#8221; _builder_version=&#8221;4.16&#8243; background_color=&#8221;#efe9e4&#8243; custom_padding=&#8221;90px||90px|&#8221; global_colors_info=&#8221;{}&#8221;][et_pb_row _builder_version=&#8221;4.25.0&#8243; custom_padding=&#8221;||10px|&#8221; locked=&#8221;off&#8221; global_colors_info=&#8221;{}&#8221;][et_pb_column type=&#8221;4_4&#8243; _builder_version=&#8221;4.16&#8243; custom_padding=&#8221;|||&#8221; global_colors_info=&#8221;{}&#8221; custom_padding__hover=&#8221;|||&#8221;][et_pb_text admin_label=&#8221;Title&#8221; _builder_version=&#8221;4.25.0&#8243; text_font=&#8221;||||||||&#8221; header_font=&#8221;||||||||&#8221; header_2_font=&#8221;Poppins|600|||||||&#8221; header_2_text_align=&#8221;center&#8221; header_2_font_size=&#8221;36px&#8221; header_2_line_height=&#8221;1.4em&#8221; max_width=&#8221;550px&#8221; module_alignment=&#8221;center&#8221; custom_margin=&#8221;||0px|&#8221; locked=&#8221;off&#8221; global_colors_info=&#8221;{}&#8221;]<\/p>\n<h2>OUR STAFF<\/h2>\n<p>[\/et_pb_text][et_pb_divider color=&#8221;#c42121&#8243; divider_position=&#8221;center&#8221; divider_weight=&#8221;3px&#8221; _builder_version=&#8221;4.25.0&#8243; max_width=&#8221;50px&#8221; module_alignment=&#8221;center&#8221; custom_margin=&#8221;||20px|&#8221; animation_direction=&#8221;top&#8221; locked=&#8221;off&#8221; global_colors_info=&#8221;{}&#8221;][\/et_pb_divider][et_pb_text _builder_version=&#8221;4.25.0&#8243; text_text_color=&#8221;#666666&#8243; text_font_size=&#8221;18px&#8221; text_line_height=&#8221;1.8em&#8221; text_orientation=&#8221;center&#8221; module_alignment=&#8221;center&#8221; custom_margin=&#8221;|||&#8221; custom_padding=&#8221;|||&#8221; locked=&#8221;off&#8221; global_colors_info=&#8221;{}&#8221;]<\/p>\n<p><span>Bakkafl\u00f6t River Rafting tours emphasize providing entertaining guidance of the highest quality. All of our guides are internationally certified and we have rafting experts from Nepal, whose experience is unique here in Iceland.<\/span><\/p>\n<p>[\/et_pb_text][\/et_pb_column][\/et_pb_row][et_pb_row column_structure=&#8221;1_3,1_3,1_3&#8243; _builder_version=&#8221;4.16&#8243; custom_margin=&#8221;30px|||&#8221; custom_padding=&#8221;|||&#8221; global_colors_info=&#8221;{}&#8221;][et_pb_column type=&#8221;1_3&#8243; _builder_version=&#8221;4.16&#8243; custom_padding=&#8221;|||&#8221; global_colors_info=&#8221;{}&#8221; custom_padding__hover=&#8221;|||&#8221;][et_pb_team_member name=&#8221;KLARA AND SIGGI&#8221; image_url=&#8221;https:\/\/bakkaflot.dev.kaliber.is\/wp-content\/uploads\/2024\/04\/Klara.Siggi_-1.jpg&#8221; _builder_version=&#8221;4.25.0&#8243; header_font=&#8221;Poppins|600|||||||&#8221; header_font_size=&#8221;24px&#8221; body_font=&#8221;||||||||&#8221; body_font_size=&#8221;18px&#8221; text_orientation=&#8221;center&#8221; border_radii_image=&#8221;on|10px|10px|10px|10px&#8221; border_width_all_image=&#8221;1px&#8221; border_color_all_image=&#8221;#cccccc&#8221; global_colors_info=&#8221;{}&#8221;]<\/p>\n<p style=\"text-align: justify;\"><span>They started to build Bakkaflot in 1986 and it was formally opened in the summer of 1987.<\/span><br \/><span>They love travelling around Iceland and abroad and especially travelling through the highlands in Iceland.<\/span><\/p>\n<p>[\/et_pb_team_member][\/et_pb_column][et_pb_column type=&#8221;1_3&#8243; _builder_version=&#8221;4.16&#8243; custom_padding=&#8221;|||&#8221; global_colors_info=&#8221;{}&#8221; custom_padding__hover=&#8221;|||&#8221;][et_pb_team_member name=&#8221;RABI SHRESTHA&#8221; image_url=&#8221;https:\/\/bakkaflot.dev.kaliber.is\/wp-content\/uploads\/2024\/04\/Rabi-Shrestha-scaled-1.jpg&#8221; _builder_version=&#8221;4.25.0&#8243; header_font=&#8221;Poppins|600|||||||&#8221; header_font_size=&#8221;24px&#8221; body_font=&#8221;||||||||&#8221; body_font_size=&#8221;18px&#8221; text_orientation=&#8221;center&#8221; border_radii_image=&#8221;on|10px|10px|10px|10px&#8221; border_width_all_image=&#8221;1px&#8221; border_color_all_image=&#8221;#cccccc&#8221; locked=&#8221;off&#8221; global_colors_info=&#8221;{}&#8221;]<\/p>\n<p style=\"text-align: justify;\"><span>He started working\u00a0<\/span><span>as a rafting guide<\/span><span>\u00a0in Nepal in 2005. What he likes most about Iceland are the Icelandic people and nature. He has been working with us since 2017.<\/span><\/p>\n<p>[\/et_pb_team_member][\/et_pb_column][et_pb_column type=&#8221;1_3&#8243; _builder_version=&#8221;4.16&#8243; custom_padding=&#8221;|||&#8221; global_colors_info=&#8221;{}&#8221; custom_padding__hover=&#8221;|||&#8221;][et_pb_team_member name=&#8221;MILAN GURUNG&#8221; image_url=&#8221;https:\/\/bakkaflot.dev.kaliber.is\/wp-content\/uploads\/2024\/04\/c5a03085-fad2-4076-bed9-771299c23907.png&#8221; _builder_version=&#8221;4.25.0&#8243; header_font=&#8221;Poppins|600|||||||&#8221; header_font_size=&#8221;24px&#8221; body_font=&#8221;||||||||&#8221; body_font_size=&#8221;18px&#8221; text_orientation=&#8221;center&#8221; border_radii_image=&#8221;on|10px|10px|10px|10px&#8221; border_width_all_image=&#8221;1px&#8221; border_color_all_image=&#8221;#cccccc&#8221; locked=&#8221;off&#8221; global_colors_info=&#8221;{}&#8221;]<\/p>\n<p style=\"text-align: center;\"><span>Milan started to work with us 2023.<\/span><\/p>\n<p>[\/et_pb_team_member][\/et_pb_column][\/et_pb_row][et_pb_row column_structure=&#8221;1_3,1_3,1_3&#8243; _builder_version=&#8221;4.16&#8243; custom_margin=&#8221;|||&#8221; custom_padding=&#8221;|||&#8221; global_colors_info=&#8221;{}&#8221;][et_pb_column type=&#8221;1_3&#8243; _builder_version=&#8221;4.16&#8243; custom_padding=&#8221;|||&#8221; global_colors_info=&#8221;{}&#8221; custom_padding__hover=&#8221;|||&#8221;][et_pb_team_member name=&#8221;BIKRAM GURUNG&#8221; image_url=&#8221;https:\/\/bakkaflot.dev.kaliber.is\/wp-content\/uploads\/2024\/04\/Bikram-Gurung-scaled-1.jpg&#8221; _builder_version=&#8221;4.25.0&#8243; header_font=&#8221;Poppins|600|||||||&#8221; header_font_size=&#8221;24px&#8221; body_font=&#8221;||||||||&#8221; body_font_size=&#8221;18px&#8221; text_orientation=&#8221;center&#8221; border_radii_image=&#8221;on|10px|10px|10px|10px&#8221; border_width_all_image=&#8221;1px&#8221; border_color_all_image=&#8221;#cccccc&#8221; global_colors_info=&#8221;{}&#8221;]<\/p>\n<p style=\"text-align: justify;\"><span>Bikram started working\u00a0<\/span><span>as a rafting guide<\/span><span>\u00a0in 2010 in Nepal. What he likes most is how everyone in the Bakkafl\u00f6t team is friendly and he loves working in that kind of environment. Besides that is of course nature and everything that is calm in Iceland.<\/span><br \/><span>He has been working with us since 2018.<\/span><\/p>\n<p>[\/et_pb_team_member][\/et_pb_column][et_pb_column type=&#8221;1_3&#8243; _builder_version=&#8221;4.16&#8243; custom_padding=&#8221;|||&#8221; global_colors_info=&#8221;{}&#8221; custom_padding__hover=&#8221;|||&#8221;][et_pb_team_member name=&#8221;SURAJ GURUNG&#8221; image_url=&#8221;https:\/\/bakkaflot.dev.kaliber.is\/wp-content\/uploads\/2024\/04\/Suraj-Gurung.jpg&#8221; _builder_version=&#8221;4.25.0&#8243; header_font=&#8221;Poppins|600|||||||&#8221; header_font_size=&#8221;24px&#8221; body_font=&#8221;||||||||&#8221; body_font_size=&#8221;18px&#8221; text_orientation=&#8221;center&#8221; border_radii_image=&#8221;on|10px|10px|10px|10px&#8221; border_width_all_image=&#8221;1px&#8221; border_color_all_image=&#8221;#cccccc&#8221; locked=&#8221;off&#8221; global_colors_info=&#8221;{}&#8221;]<\/p>\n<p><span>Suraj started working\u00a0<\/span><span>as a rafting guide<\/span><span>\u00a0in Nepal in 2012. He thinks Iceland is a very beautiful country and that he is lucky to be able to work here. The waterfalls, the Icelandic people, and the rivers he is rafting here are among those things he considers to be best about Iceland. <\/span><span>He has been working with us since 2016.<\/span><\/p>\n<p>[\/et_pb_team_member][\/et_pb_column][et_pb_column type=&#8221;1_3&#8243; _builder_version=&#8221;4.16&#8243; custom_padding=&#8221;|||&#8221; global_colors_info=&#8221;{}&#8221; custom_padding__hover=&#8221;|||&#8221;][et_pb_team_member name=&#8221;H\u00d6R\u00d0UR HL\u00cdFARSSON&#8221; image_url=&#8221;https:\/\/bakkaflot.dev.kaliber.is\/wp-content\/uploads\/2024\/04\/Hordur.png&#8221; _builder_version=&#8221;4.25.0&#8243; header_font=&#8221;Poppins|600|||||||&#8221; header_font_size=&#8221;24px&#8221; body_font=&#8221;||||||||&#8221; body_font_size=&#8221;18px&#8221; text_orientation=&#8221;center&#8221; border_radii_image=&#8221;on|10px|10px|10px|10px&#8221; border_width_all_image=&#8221;1px&#8221; border_color_all_image=&#8221;#cccccc&#8221; locked=&#8221;off&#8221; global_colors_info=&#8221;{}&#8221;]<\/p>\n<p style=\"text-align: justify;\"><span>He is the chef at Bakkafl\u00f6t. His interest is in snowboarding, running\/off-road running, cooking, and baking.<\/span><br \/><span>He has been working with us since 2014.<\/span><\/p>\n<p>[\/et_pb_team_member][\/et_pb_column][\/et_pb_row][et_pb_row column_structure=&#8221;1_3,1_3,1_3&#8243; _builder_version=&#8221;4.16&#8243; custom_margin=&#8221;|||&#8221; custom_padding=&#8221;|||&#8221; global_colors_info=&#8221;{}&#8221;][et_pb_column type=&#8221;1_3&#8243; _builder_version=&#8221;4.16&#8243; custom_padding=&#8221;|||&#8221; global_colors_info=&#8221;{}&#8221; custom_padding__hover=&#8221;|||&#8221;][et_pb_team_member name=&#8221;ANNA OG CEZARY KASPERKIEWICZ&#8221; image_url=&#8221;https:\/\/bakkaflot.dev.kaliber.is\/wp-content\/uploads\/2024\/04\/anna.png&#8221; _builder_version=&#8221;4.25.0&#8243; header_font=&#8221;Poppins|600|||||||&#8221; header_font_size=&#8221;24px&#8221; body_font=&#8221;||||||||&#8221; body_font_size=&#8221;18px&#8221; text_orientation=&#8221;center&#8221; border_radii_image=&#8221;on|10px|10px|10px|10px&#8221; border_width_all_image=&#8221;1px&#8221; border_color_all_image=&#8221;#cccccc&#8221; global_colors_info=&#8221;{}&#8221;]<\/p>\n<p>Anna kom fyrst \u00e1rin 2016 til 2018. S\u00ed\u00f0an 2023 komu \u00feau b\u00e6\u00f0i hj\u00f3nin og koma aftur 2024. \u00deau b\u00faa \u00ed P\u00f3llandi, Bukowno r\u00e9tt fyrir utan Krakow.<\/p>\n<p>[\/et_pb_team_member][\/et_pb_column][et_pb_column type=&#8221;1_3&#8243; _builder_version=&#8221;4.16&#8243; custom_padding=&#8221;|||&#8221; global_colors_info=&#8221;{}&#8221; custom_padding__hover=&#8221;|||&#8221;][et_pb_team_member name=&#8221;FINNUR SIGUR\u00d0ARSON&#8221; image_url=&#8221;https:\/\/bakkaflot.dev.kaliber.is\/wp-content\/uploads\/2024\/04\/finnur.png&#8221; _builder_version=&#8221;4.25.0&#8243; header_font=&#8221;Poppins|600|||||||&#8221; header_font_size=&#8221;24px&#8221; body_font=&#8221;||||||||&#8221; body_font_size=&#8221;18px&#8221; text_orientation=&#8221;center&#8221; border_radii_image=&#8221;on|10px|10px|10px|10px&#8221; border_width_all_image=&#8221;1px&#8221; border_color_all_image=&#8221;#cccccc&#8221; locked=&#8221;off&#8221; global_colors_info=&#8221;{}&#8221;]<\/p>\n<p>Finnur er b\u00fainn a\u00f0 vera vi\u00f0lo\u00f0andi Bakkafl\u00f6t allt sitt l\u00edf. Er b\u00edlstj\u00f3ri, raftguide og allt \u00fear \u00e1 milli.<\/p>\n<p>[\/et_pb_team_member][\/et_pb_column][et_pb_column type=&#8221;1_3&#8243; _builder_version=&#8221;4.16&#8243; custom_padding=&#8221;|||&#8221; global_colors_info=&#8221;{}&#8221; custom_padding__hover=&#8221;|||&#8221;][et_pb_team_member name=&#8221;SIGN\u00dd SIGUR\u00d0ARD\u00d3TTIR&#8221; image_url=&#8221;https:\/\/bakkaflot.dev.kaliber.is\/wp-content\/uploads\/2024\/04\/Signy.png&#8221; _builder_version=&#8221;4.25.0&#8243; header_font=&#8221;Poppins|600|||||||&#8221; header_font_size=&#8221;24px&#8221; body_font=&#8221;||||||||&#8221; body_font_size=&#8221;18px&#8221; text_orientation=&#8221;center&#8221; border_radii_image=&#8221;on|10px|10px|10px|10px&#8221; border_width_all_image=&#8221;1px&#8221; border_color_all_image=&#8221;#cccccc&#8221; locked=&#8221;off&#8221; global_colors_info=&#8221;{}&#8221;]<\/p>\n<p>Sign\u00fd s\u00e9r a\u00f0allega um skrifstofuna en hleypur l\u00edka \u00ed allt anna\u00f0 eftir \u00fe\u00f6rfum.<\/p>\n<p>[\/et_pb_team_member][\/et_pb_column][\/et_pb_row][et_pb_row column_structure=&#8221;1_3,1_3,1_3&#8243; _builder_version=&#8221;4.16&#8243; custom_margin=&#8221;|||&#8221; custom_padding=&#8221;|||&#8221; global_colors_info=&#8221;{}&#8221;][et_pb_column type=&#8221;1_3&#8243; _builder_version=&#8221;4.16&#8243; custom_padding=&#8221;|||&#8221; global_colors_info=&#8221;{}&#8221; custom_padding__hover=&#8221;|||&#8221;][et_pb_team_member name=&#8221;JOLA KLEK&#8221; image_url=&#8221;https:\/\/bakkaflot.dev.kaliber.is\/wp-content\/uploads\/2024\/04\/Jola.png&#8221; _builder_version=&#8221;4.25.0&#8243; header_font=&#8221;Poppins|600|||||||&#8221; header_font_size=&#8221;24px&#8221; body_font=&#8221;||||||||&#8221; body_font_size=&#8221;18px&#8221; text_orientation=&#8221;center&#8221; animation_style=&#8221;fade&#8221; border_radii_image=&#8221;on|10px|10px|10px|10px&#8221; border_width_all_image=&#8221;1px&#8221; border_color_all_image=&#8221;#cccccc&#8221; global_colors_info=&#8221;{}&#8221;]<\/p>\n<p>Jola var hj\u00e1 okkur 2017 og 2018 og kom svo aftur 2023 og 2024. H\u00fan er \u00ed \u00ferifum, m\u00f3tt\u00f6ku, veitingasta\u00f0num og eldh\u00fasinu. H\u00fan b\u00fdr \u00ed Kedzierzyn-Kozle \u00ed P\u00f3llandi.<\/p>\n<p>[\/et_pb_team_member][\/et_pb_column][et_pb_column type=&#8221;1_3&#8243; _builder_version=&#8221;4.16&#8243; custom_padding=&#8221;|||&#8221; global_colors_info=&#8221;{}&#8221; custom_padding__hover=&#8221;|||&#8221;][et_pb_team_member name=&#8221;NARESH GURUNG&#8221; image_url=&#8221;https:\/\/bakkaflot.dev.kaliber.is\/wp-content\/uploads\/2024\/04\/naresh.png&#8221; _builder_version=&#8221;4.25.0&#8243; header_font=&#8221;Poppins|600|||||||&#8221; header_font_size=&#8221;24px&#8221; body_font=&#8221;||||||||&#8221; body_font_size=&#8221;18px&#8221; text_orientation=&#8221;center&#8221; border_radii_image=&#8221;on|10px|10px|10px|10px&#8221; border_width_all_image=&#8221;1px&#8221; border_color_all_image=&#8221;#cccccc&#8221; locked=&#8221;off&#8221; global_colors_info=&#8221;{}&#8221;]<\/p>\n<p>Naresh byrja\u00f0i \u00ed rafting \u00e1ri\u00f0 2013 \u00ed Nepal. Hann kom svo til okkar \u00e1ri\u00f0 2017.<\/p>\n<p>[\/et_pb_team_member][\/et_pb_column][et_pb_column type=&#8221;1_3&#8243; _builder_version=&#8221;4.16&#8243; custom_padding=&#8221;|||&#8221; global_colors_info=&#8221;{}&#8221; custom_padding__hover=&#8221;|||&#8221;][et_pb_team_member name=&#8221;Monika Matuszewska&#8221; image_url=&#8221;https:\/\/bakkaflot.dev.kaliber.is\/wp-content\/uploads\/2024\/06\/monika-1.png&#8221; _builder_version=&#8221;4.25.0&#8243; header_font=&#8221;Poppins|600|||||||&#8221; header_font_size=&#8221;24px&#8221; body_font=&#8221;||||||||&#8221; body_font_size=&#8221;18px&#8221; text_orientation=&#8221;center&#8221; border_radii_image=&#8221;on|10px|10px|10px|10px&#8221; border_width_all_image=&#8221;1px&#8221; border_color_all_image=&#8221;#cccccc&#8221; locked=&#8221;off&#8221; global_colors_info=&#8221;{}&#8221;][\/et_pb_team_member][\/et_pb_column][\/et_pb_row][\/et_pb_section]<\/p>\n","protected":false},"excerpt":{"rendered":"<p>ABOUT USOur story &nbsp; Klara J\u00f3nsd\u00f3ttir &amp; Sigur\u00f0ur Fri\u00f0riksson first opened the doors at Bakkafl\u00f6t in 1987. Since then, the company has grown to become a well-established activity and accommodation base in the heart of Skagafj\u00f6r\u00f0ur. We have a variety of accommodations to suit everyone. In 2011 we built 5 nice cabins with en suite [&hellip;]<\/p>\n","protected":false},"author":1,"featured_media":0,"parent":0,"menu_order":0,"comment_status":"closed","ping_status":"closed","template":"","meta":{"_et_pb_use_builder":"on","_et_pb_old_content":"","_et_gb_content_width":"","footnotes":""},"class_list":["post-25564","page","type-page","status-publish","hentry"],"_links":{"self":[{"href":"https:\/\/bakkaflot.dev.kaliber.is\/en\/wp-json\/wp\/v2\/pages\/25564","targetHints":{"allow":["GET"]}}],"collection":[{"href":"https:\/\/bakkaflot.dev.kaliber.is\/en\/wp-json\/wp\/v2\/pages"}],"about":[{"href":"https:\/\/bakkaflot.dev.kaliber.is\/en\/wp-json\/wp\/v2\/types\/page"}],"author":[{"embeddable":true,"href":"https:\/\/bakkaflot.dev.kaliber.is\/en\/wp-json\/wp\/v2\/users\/1"}],"replies":[{"embeddable":true,"href":"https:\/\/bakkaflot.dev.kaliber.is\/en\/wp-json\/wp\/v2\/comments?post=25564"}],"version-history":[{"count":14,"href":"https:\/\/bakkaflot.dev.kaliber.is\/en\/wp-json\/wp\/v2\/pages\/25564\/revisions"}],"predecessor-version":[{"id":26163,"href":"https:\/\/bakkaflot.dev.kaliber.is\/en\/wp-json\/wp\/v2\/pages\/25564\/revisions\/26163"}],"wp:attachment":[{"href":"https:\/\/bakkaflot.dev.kaliber.is\/en\/wp-json\/wp\/v2\/media?parent=25564"}],"curies":[{"name":"wp","href":"https:\/\/api.w.org\/{rel}","templated":true}]}}